{"id":93,"date":"2016-10-18T14:22:52","date_gmt":"2016-10-18T12:22:52","guid":{"rendered":"http:\/\/www.consorziodeipartecipantisgpersiceto.it\/?page_id=93"},"modified":"2016-11-09T10:14:05","modified_gmt":"2016-11-09T09:14:05","slug":"arte-nella-chiesa-collegiata","status":"publish","type":"page","link":"https:\/\/www.consorziodeipartecipantisgpersiceto.it\/?page_id=93","title":{"rendered":"Arte nella Chiesa Collegiata"},"content":{"rendered":"<div class=\"pdfprnt-buttons pdfprnt-buttons-page pdfprnt-top-right\"><a href=\"https:\/\/www.consorziodeipartecipantisgpersiceto.it\/index.php?rest_route=%2Fwp%2Fv2%2Fpages%2F93&print=pdf\" class=\"pdfprnt-button pdfprnt-button-pdf\" target=\"_blank\" ><img decoding=\"async\" src=\"http:\/\/www.consorziodeipartecipantisgpersiceto.it\/wp-content\/plugins\/pdf-print\/images\/pdf.png\" alt=\"image_pdf\" title=\"Visualizza PDF\" \/><\/a><a href=\"https:\/\/www.consorziodeipartecipantisgpersiceto.it\/index.php?rest_route=%2Fwp%2Fv2%2Fpages%2F93&print=print\" class=\"pdfprnt-button pdfprnt-button-print\" target=\"_blank\" ><img decoding=\"async\" src=\"http:\/\/www.consorziodeipartecipantisgpersiceto.it\/wp-content\/plugins\/pdf-print\/images\/print.png\" alt=\"image_print\" title=\"Stampa contenuto\" \/><\/a><\/div><p>All&#8217; interno della Chiesa Collegiata di San Giovanni Battista, nella Cappella della Partecipanza, \u00e8 posto un dipinto su tela (dim. 314&#215;225 cm) eseguito da Francesco Albani (Bologna, 1578-1660) intitolato &#8220;La Vergine col Bambino, Angeli e i Santi Sebastiano e Rocco&#8221;.<\/p>\n<p>Il dipinto, di propriet\u00e0 della Partecipanza, f\u00f9 eseguito dall&#8217; Albani nel 1634, su ordinazione della Comunit\u00e0 Persicetana e fu collocato da subito nella Cappella della Collegiata quale ex voto per lo scampato pericolo della terribile epidemia di peste del 1630.<\/p>\n<p>I Santi raffigurati furono proclamati patroni e protettori della Partecipanza e sono ricordati ogni anno con speciali Messe, celebrate a questo Altare, nei giorni 20 gennaio per S.Sebastiano e 16 agosto per S.Rocco, con ostensione delle Reliquie dei due Santi Martiri.<\/p>\n<p>La Cappella della Partecipanza conserva ancora ai lati dell&#8217; Altare, alle basi dei candelieri e della Croce, lo stemma dell&#8217; antica Comunit\u00e0.<\/p>\n","protected":false},"excerpt":{"rendered":"<p>All&#8217; interno della Chiesa Collegiata di San Giovanni Battista, nella Cappella della Partecipanza, \u00e8 posto un dipinto su tela (dim. 314&#215;225 cm) eseguito da Francesco Albani (Bologna, 1578-1660) intitolato &#8220;La [&hellip;]<\/p>\n","protected":false},"author":1,"featured_media":94,"parent":0,"menu_order":0,"comment_status":"closed","ping_status":"closed","template":"page-templates\/left-sidebar.php","meta":{"jetpack_post_was_ever_published":false,"footnotes":""},"class_list":["post-93","page","type-page","status-publish","has-post-thumbnail","hentry"],"jetpack_sharing_enabled":true,"jetpack_shortlink":"https:\/\/wp.me\/P81nDY-1v","jetpack-related-posts":[],"_links":{"self":[{"href":"https:\/\/www.consorziodeipartecipantisgpersiceto.it\/index.php?rest_route=\/wp\/v2\/pages\/93","targetHints":{"allow":["GET"]}}],"collection":[{"href":"https:\/\/www.consorziodeipartecipantisgpersiceto.it\/index.php?rest_route=\/wp\/v2\/pages"}],"about":[{"href":"https:\/\/www.consorziodeipartecipantisgpersiceto.it\/index.php?rest_route=\/wp\/v2\/types\/page"}],"author":[{"embeddable":true,"href":"https:\/\/www.consorziodeipartecipantisgpersiceto.it\/index.php?rest_route=\/wp\/v2\/users\/1"}],"replies":[{"embeddable":true,"href":"https:\/\/www.consorziodeipartecipantisgpersiceto.it\/index.php?rest_route=%2Fwp%2Fv2%2Fcomments&post=93"}],"version-history":[{"count":1,"href":"https:\/\/www.consorziodeipartecipantisgpersiceto.it\/index.php?rest_route=\/wp\/v2\/pages\/93\/revisions"}],"predecessor-version":[{"id":96,"href":"https:\/\/www.consorziodeipartecipantisgpersiceto.it\/index.php?rest_route=\/wp\/v2\/pages\/93\/revisions\/96"}],"wp:featuredmedia":[{"embeddable":true,"href":"https:\/\/www.consorziodeipartecipantisgpersiceto.it\/index.php?rest_route=\/wp\/v2\/media\/94"}],"wp:attachment":[{"href":"https:\/\/www.consorziodeipartecipantisgpersiceto.it\/index.php?rest_route=%2Fwp%2Fv2%2Fmedia&parent=93"}],"curies":[{"name":"wp","href":"https:\/\/api.w.org\/{rel}","templated":true}]}}