{"id":47,"date":"2016-10-18T13:51:14","date_gmt":"2016-10-18T11:51:14","guid":{"rendered":"http:\/\/www.consorziodeipartecipantisgpersiceto.it\/?page_id=47"},"modified":"2016-10-19T14:42:34","modified_gmt":"2016-10-19T12:42:34","slug":"la-divisione-novennale-2","status":"publish","type":"page","link":"https:\/\/www.consorziodeipartecipantisgpersiceto.it\/?page_id=47","title":{"rendered":"La divisione novennale"},"content":{"rendered":"<div class=\"pdfprnt-buttons pdfprnt-buttons-page pdfprnt-top-right\"><a href=\"https:\/\/www.consorziodeipartecipantisgpersiceto.it\/index.php?rest_route=%2Fwp%2Fv2%2Fpages%2F47&print=pdf\" class=\"pdfprnt-button pdfprnt-button-pdf\" target=\"_blank\" ><img decoding=\"async\" src=\"http:\/\/www.consorziodeipartecipantisgpersiceto.it\/wp-content\/plugins\/pdf-print\/images\/pdf.png\" alt=\"image_pdf\" title=\"Visualizza PDF\" \/><\/a><a href=\"https:\/\/www.consorziodeipartecipantisgpersiceto.it\/index.php?rest_route=%2Fwp%2Fv2%2Fpages%2F47&print=print\" class=\"pdfprnt-button pdfprnt-button-print\" target=\"_blank\" ><img decoding=\"async\" src=\"http:\/\/www.consorziodeipartecipantisgpersiceto.it\/wp-content\/plugins\/pdf-print\/images\/print.png\" alt=\"image_print\" title=\"Stampa contenuto\" \/><\/a><\/div><p>Entro il gennaio dell\u2019anno in cui si deve eseguire la Divisione, la Commissione Amministrativa nominata dal nuovo Consiglio da poco insediato, con pubblico avviso da inserirsi anche nel Bollettino degli Annunzi Legali e nella Gazzetta Ufficiale, invita i Partecipanti ad iscriversi entro un termine perentorio.<\/p>\n<p>La Commissione Amministrativa ed il Consiglio esaminano le iscrizioni e debbono notificare agli interessati le eventuali esclusioni. Costoro hanno diritto di ricorrere nel termine di un mese alla stessa Commissione, in appello al Consiglio.<br \/>\nContro la decisione del Consiglio \u00e8 ammesso il ricorso alla Autorit\u00e0 giudiziaria, per\u00f2 senza effetto sospensivo riguardo alle assegnazioni di quota.<\/p>\n<p>Verificato il numero delle persone o famiglie che hanno diritto di partecipare, i terreni vengono divisi in tante parti o quote che corrispondono al numero degli ammessi, oltre a quelle da tenersi in amministrazione per le spese consorziali.<\/p>\n<p>L\u2019operazione \u00e8 eseguita da un tecnico in modo che le quote si corrispondano non per estensione, ma per effettivo valore e vengono progressivamente numerate.<br \/>\nSi procede quindi alla pubblica estrazione dei singoli ammessi; l\u2019ordine di estrazione determina l\u2019assegnazione della parte.<\/p>\n","protected":false},"excerpt":{"rendered":"<p>Entro il gennaio dell\u2019anno in cui si deve eseguire la Divisione, la Commissione Amministrativa nominata dal nuovo Consiglio da poco insediato, con pubblico avviso da inserirsi anche nel Bollettino degli [&hellip;]<\/p>\n","protected":false},"author":1,"featured_media":98,"parent":0,"menu_order":0,"comment_status":"closed","ping_status":"closed","template":"page-templates\/left-sidebar.php","meta":{"jetpack_post_was_ever_published":false,"footnotes":""},"class_list":["post-47","page","type-page","status-publish","has-post-thumbnail","hentry"],"jetpack_sharing_enabled":true,"jetpack_shortlink":"https:\/\/wp.me\/P81nDY-L","jetpack-related-posts":[],"_links":{"self":[{"href":"https:\/\/www.consorziodeipartecipantisgpersiceto.it\/index.php?rest_route=\/wp\/v2\/pages\/47","targetHints":{"allow":["GET"]}}],"collection":[{"href":"https:\/\/www.consorziodeipartecipantisgpersiceto.it\/index.php?rest_route=\/wp\/v2\/pages"}],"about":[{"href":"https:\/\/www.consorziodeipartecipantisgpersiceto.it\/index.php?rest_route=\/wp\/v2\/types\/page"}],"author":[{"embeddable":true,"href":"https:\/\/www.consorziodeipartecipantisgpersiceto.it\/index.php?rest_route=\/wp\/v2\/users\/1"}],"replies":[{"embeddable":true,"href":"https:\/\/www.consorziodeipartecipantisgpersiceto.it\/index.php?rest_route=%2Fwp%2Fv2%2Fcomments&post=47"}],"version-history":[{"count":1,"href":"https:\/\/www.consorziodeipartecipantisgpersiceto.it\/index.php?rest_route=\/wp\/v2\/pages\/47\/revisions"}],"predecessor-version":[{"id":48,"href":"https:\/\/www.consorziodeipartecipantisgpersiceto.it\/index.php?rest_route=\/wp\/v2\/pages\/47\/revisions\/48"}],"wp:featuredmedia":[{"embeddable":true,"href":"https:\/\/www.consorziodeipartecipantisgpersiceto.it\/index.php?rest_route=\/wp\/v2\/media\/98"}],"wp:attachment":[{"href":"https:\/\/www.consorziodeipartecipantisgpersiceto.it\/index.php?rest_route=%2Fwp%2Fv2%2Fmedia&parent=47"}],"curies":[{"name":"wp","href":"https:\/\/api.w.org\/{rel}","templated":true}]}}