{"id":43,"date":"2016-10-18T13:50:35","date_gmt":"2016-10-18T11:50:35","guid":{"rendered":"http:\/\/www.consorziodeipartecipantisgpersiceto.it\/?page_id=43"},"modified":"2016-10-19T14:44:20","modified_gmt":"2016-10-19T12:44:20","slug":"qualita-di-partecipante-ed-esercizio-del-diritto","status":"publish","type":"page","link":"https:\/\/www.consorziodeipartecipantisgpersiceto.it\/?page_id=43","title":{"rendered":"Qualit\u00e0 di Partecipante ed esercizio del diritto"},"content":{"rendered":"<div class=\"pdfprnt-buttons pdfprnt-buttons-page pdfprnt-top-right\"><a href=\"https:\/\/www.consorziodeipartecipantisgpersiceto.it\/index.php?rest_route=%2Fwp%2Fv2%2Fpages%2F43&print=pdf\" class=\"pdfprnt-button pdfprnt-button-pdf\" target=\"_blank\" ><img decoding=\"async\" src=\"http:\/\/www.consorziodeipartecipantisgpersiceto.it\/wp-content\/plugins\/pdf-print\/images\/pdf.png\" alt=\"image_pdf\" title=\"Visualizza PDF\" \/><\/a><a href=\"https:\/\/www.consorziodeipartecipantisgpersiceto.it\/index.php?rest_route=%2Fwp%2Fv2%2Fpages%2F43&print=print\" class=\"pdfprnt-button pdfprnt-button-print\" target=\"_blank\" ><img decoding=\"async\" src=\"http:\/\/www.consorziodeipartecipantisgpersiceto.it\/wp-content\/plugins\/pdf-print\/images\/print.png\" alt=\"image_print\" title=\"Stampa contenuto\" \/><\/a><\/div><p>Lo Statuto del Consorzio (art. 6) fa presente che il diritto del partecipante \u00e8 originario e non derivativo, cio\u00e8 \u00e8 indipendente dalla qualit\u00e0 di erede e compete ai discendenti legittimi da individui maschi appartenenti fino dall\u2019origine al Consorzio, vale a dire alle 43 antiche famiglie (nota bene: non ai singoli partecipanti), i cui cognomi sono tassativamente elencati.<br \/>\nFra i discendenti legittimi debbono essere compresi anche i legittimati, non i figli adottivi o naturali.<\/p>\n<p>La qualit\u00e0 di Partecipante, essendo personale, non si perde mai se non con la morte. Perde stabilmente la qualit\u00e0 di partecipante la donna che sposi uno non partecipante, anche col solo matrimonio religioso, privo di effetti civili, e colui che abbia commesso il reato di usurpazione a danno del patrimonio consorziale.<\/p>\n<p>Invece \u00e8 ammessa a partecipare la donna non partecipante che sposi un Partecipante in legittimo matrimonio.<br \/>\nLe condanne penali che implichino l\u2019interdizione legale sospendono fino alla riabilitazione l\u2019esercizio del diritto.<\/p>\n<p>E\u2019 dispensato dal provare la discendenza, senza per\u00f2 che sia esclusa la prova contraria, colui che risulta essere stato iscritto senza opposizione nei registri relativi alle due consecutive Divisioni precedenti quella in cui pretende di essere ammesso.<\/p>\n<table width=\"550\">\n<tbody>\n<tr>\n<td colspan=\"3\">COGNOMI DELLE FAMIGLIE ATTUALMENTE PARTECIPANTI, DISCENDENTI DALLE ANTICHE FAMIGLIE ORIGINARIE (*)<\/td>\n<\/tr>\n<tr>\n<td><strong>1) Baranzoni<\/strong><\/td>\n<td><strong>15) Cotti<\/strong><\/td>\n<td><strong>30) Nicoli<\/strong><\/td>\n<\/tr>\n<tr>\n<td><strong>2) Beccari<\/strong><\/td>\n<td><strong>16) Dalferro<\/strong><\/td>\n<td><strong>31) Ottani<\/strong><\/td>\n<\/tr>\n<tr>\n<td><strong>3) Bencivenni<\/strong><\/td>\n<td><strong>17) Forni<\/strong><\/td>\n<td><strong>32) Pancerasi<\/strong><\/td>\n<\/tr>\n<tr>\n<td><strong>4) Bonasoni<\/strong><\/td>\n<td><strong>18) Goretti<\/strong><\/td>\n<td><strong>33) Quaquarelli<\/strong><\/td>\n<\/tr>\n<tr>\n<td><strong>5) Bongiovanni<\/strong><\/td>\n<td><strong>19) Grengoli<\/strong><\/td>\n<td><strong>34) Risi<\/strong><\/td>\n<\/tr>\n<tr>\n<td><strong>6) Borghesani<\/strong><\/td>\n<td><strong>20) Magoni<\/strong><\/td>\n<td><strong>35) Rusticelli<\/strong><\/td>\n<\/tr>\n<tr>\n<td><strong>7) Bussolari<\/strong><\/td>\n<td><strong>21) Manfredi<\/strong><\/td>\n<td><strong>36) Sacenti<\/strong><\/td>\n<\/tr>\n<tr>\n<td width=\"183\"><strong>8) Calzati<\/strong><\/td>\n<td><strong>22) Manganelli<\/strong><\/td>\n<td><strong>37) Sassi<\/strong><\/td>\n<\/tr>\n<tr>\n<td><strong>9) Cantori<\/strong><\/td>\n<td><strong>23) Manzi<\/strong><\/td>\n<td><strong>38) Scagliarini<\/strong><\/td>\n<\/tr>\n<tr>\n<td><strong>10) Capponcelli<\/strong><\/td>\n<td><strong>24) Martinelli<\/strong><\/td>\n<td><strong>39) Serra<\/strong><\/td>\n<\/tr>\n<tr>\n<td><strong>11) Caprara<\/strong><\/td>\n<td><strong>25) Martini<\/strong><\/td>\n<td><strong>40) Serrazanetti<\/strong><\/td>\n<\/tr>\n<tr>\n<td><strong>12) Castelvetri<\/strong><\/td>\n<td><strong>26) Mazzacori<\/strong><\/td>\n<td><strong>41) Stefani<\/strong><\/td>\n<\/tr>\n<tr>\n<td><strong>13) China<\/strong><\/td>\n<td width=\"183\"><strong>27) Mel\u00f2<\/strong><\/td>\n<td><strong>42) Vandini<\/strong><\/td>\n<\/tr>\n<tr>\n<td><strong>14) Cocchi<\/strong><\/td>\n<td><strong>28) Minezzi<\/strong><\/td>\n<td><strong>43) Vecchi<\/strong><\/td>\n<\/tr>\n<tr>\n<td><\/td>\n<td><strong>29) Morisi<\/strong><\/td>\n<td><\/td>\n<\/tr>\n<\/tbody>\n<\/table>\n<p>(*) Dallo Statuto del 1617, approvato dal \u201cReggimento di Bologna\u201d<br \/>\nNota: le Famiglie partecipanti Caprara, Grengoli, Pancerasi e Stefani alla data del 2004 risultano estinte.<\/p>\n","protected":false},"excerpt":{"rendered":"<p>Lo Statuto del Consorzio (art. 6) fa presente che il diritto del partecipante \u00e8 originario e non derivativo, cio\u00e8 \u00e8 indipendente dalla qualit\u00e0 di erede e compete ai discendenti legittimi [&hellip;]<\/p>\n","protected":false},"author":1,"featured_media":0,"parent":0,"menu_order":0,"comment_status":"closed","ping_status":"closed","template":"page-templates\/left-sidebar.php","meta":{"footnotes":""},"class_list":["post-43","page","type-page","status-publish","hentry"],"jetpack_sharing_enabled":true,"jetpack_shortlink":"https:\/\/wp.me\/P81nDY-H","jetpack-related-posts":[],"_links":{"self":[{"href":"https:\/\/www.consorziodeipartecipantisgpersiceto.it\/index.php?rest_route=\/wp\/v2\/pages\/43","targetHints":{"allow":["GET"]}}],"collection":[{"href":"https:\/\/www.consorziodeipartecipantisgpersiceto.it\/index.php?rest_route=\/wp\/v2\/pages"}],"about":[{"href":"https:\/\/www.consorziodeipartecipantisgpersiceto.it\/index.php?rest_route=\/wp\/v2\/types\/page"}],"author":[{"embeddable":true,"href":"https:\/\/www.consorziodeipartecipantisgpersiceto.it\/index.php?rest_route=\/wp\/v2\/users\/1"}],"replies":[{"embeddable":true,"href":"https:\/\/www.consorziodeipartecipantisgpersiceto.it\/index.php?rest_route=%2Fwp%2Fv2%2Fcomments&post=43"}],"version-history":[{"count":2,"href":"https:\/\/www.consorziodeipartecipantisgpersiceto.it\/index.php?rest_route=\/wp\/v2\/pages\/43\/revisions"}],"predecessor-version":[{"id":46,"href":"https:\/\/www.consorziodeipartecipantisgpersiceto.it\/index.php?rest_route=\/wp\/v2\/pages\/43\/revisions\/46"}],"wp:attachment":[{"href":"https:\/\/www.consorziodeipartecipantisgpersiceto.it\/index.php?rest_route=%2Fwp%2Fv2%2Fmedia&parent=43"}],"curies":[{"name":"wp","href":"https:\/\/api.w.org\/{rel}","templated":true}]}}