{"id":214,"date":"2016-10-19T09:24:55","date_gmt":"2016-10-19T07:24:55","guid":{"rendered":"http:\/\/www.consorziodeipartecipantisgpersiceto.it\/?page_id=214"},"modified":"2016-10-19T14:41:50","modified_gmt":"2016-10-19T12:41:50","slug":"inizio-del-xii-secolo","status":"publish","type":"page","link":"https:\/\/www.consorziodeipartecipantisgpersiceto.it\/?page_id=214","title":{"rendered":"Inizio del XII secolo"},"content":{"rendered":"<div class=\"pdfprnt-buttons pdfprnt-buttons-page pdfprnt-top-right\"><a href=\"https:\/\/www.consorziodeipartecipantisgpersiceto.it\/index.php?rest_route=%2Fwp%2Fv2%2Fpages%2F214&print=pdf\" class=\"pdfprnt-button pdfprnt-button-pdf\" target=\"_blank\" ><img decoding=\"async\" src=\"http:\/\/www.consorziodeipartecipantisgpersiceto.it\/wp-content\/plugins\/pdf-print\/images\/pdf.png\" alt=\"image_pdf\" title=\"Visualizza PDF\" \/><\/a><a href=\"https:\/\/www.consorziodeipartecipantisgpersiceto.it\/index.php?rest_route=%2Fwp%2Fv2%2Fpages%2F214&print=print\" class=\"pdfprnt-button pdfprnt-button-print\" target=\"_blank\" ><img decoding=\"async\" src=\"http:\/\/www.consorziodeipartecipantisgpersiceto.it\/wp-content\/plugins\/pdf-print\/images\/print.png\" alt=\"image_print\" title=\"Stampa contenuto\" \/><\/a><\/div><p>L\u2019origine dei beni che costituiscono l\u2019attuale patrimonio del Consorzio dei Partecipanti, o Partecipanza, \u00e8 da attribuirsi a concessioni enfiteutiche (V. in seguito\u00a0<strong>enfiteusi<\/strong>) di vasti appezzamenti di terreno paludoso, boschivo e prativo fatte gi\u00e0 dal secolo XII dall\u2019Abate di Nonantola e dal Vescovo di Bologna all\u2019antica comunit\u00e0 persicetana, costituita dai residenti in questi luoghi o qui immigrati appositamente. Gli atti enfiteutici prevedevano la clausola ad meliorandum, cio\u00e8 l\u2019impegno di bonificare e portare a coltura le terre con obbligo di pagare un tenue canone di affitto e di osservare l\u2019<strong>incolato<\/strong>, cio\u00e8 la residenza continua nel luogo, pena la perdita della concessione.<\/p>\n<p>Tali concessioni collettive \u201c<strong>ad meliorandum<\/strong>\u201d e nello specifico con la clausola \u201cad habitandum\u201d erano in questi secoli uno dei mezzi pi\u00f9 utilizzati per affrontare il vasto problema del dissodamento e della bonifica poich\u00e9 lo sforzo del singolo sarebbe stato vano.<\/p>\n<p>Va sottolineato che questo tipo di concessione, non peculiare del territorio emiliano, e usato in larga scala soprattutto nelle propriet\u00e0 ecclesiastiche, ha per quell\u2019epoca spiegazioni storiche ben precise, legate soprattutto alla fine delle invasioni barbariche e in modo particolare al mutamento del clima. Fra il XII e XIII secolo (1100-1200) infatti, il clima \u00e8 molto piovoso ed \u00e8 assai pi\u00f9 caldo (ad esempio nel 1200 la vite si coltiva fino al sud della Scandinavia). Grazie a questa situazione i raccolti sono pi\u00f9 abbondanti, ci si nutre meglio e pertanto la popolazione cresce.<\/p>\n<p><img loading=\"lazy\" decoding=\"async\" class=\"size-medium wp-image-24 aligncenter\" src=\"http:\/\/www.consorziodeipartecipantisgpersiceto.it\/wp-content\/uploads\/2016\/10\/Inizio-XII-secolo-2-300x213.jpg\" alt=\"inizio-xii-secolo-2\" width=\"300\" height=\"213\" srcset=\"https:\/\/www.consorziodeipartecipantisgpersiceto.it\/wp-content\/uploads\/2016\/10\/Inizio-XII-secolo-2-300x213.jpg 300w, https:\/\/www.consorziodeipartecipantisgpersiceto.it\/wp-content\/uploads\/2016\/10\/Inizio-XII-secolo-2-768x546.jpg 768w, https:\/\/www.consorziodeipartecipantisgpersiceto.it\/wp-content\/uploads\/2016\/10\/Inizio-XII-secolo-2.jpg 1024w, https:\/\/www.consorziodeipartecipantisgpersiceto.it\/wp-content\/uploads\/2016\/10\/Inizio-XII-secolo-2-730x519.jpg 730w\" sizes=\"auto, (max-width: 300px) 100vw, 300px\" \/><\/p>\n<p>Pier De Crescenzi, vissuto a Bologna nella seconda met\u00e0 del1200 e primi anni del 1300,scrive che le olive coltivate a Bologna fanno invidia a quelle spagnole.<\/p>\n<p>E\u2019 evidente che la necessit\u00e0 di estendere i territori da coltivare si fa pressante anche perch\u00e9 cresce l\u2019esigenza di derrate nelle citt\u00e0, ove si affermano i liberi \u201cComuni\u201d. Per curiosit\u00e0, ma non \u00e8 un caso, ricordiamo che in Europa per la prima volta, si applica davanti al vomere il coltello che favorisce l\u2019aratura, si inventa la \u201ccarriola\u201d che favorisce il trasporto della terra nello scavo degli scoli, il \u201ccollare\u201d da applicare ai cavalli da tiro. Grazie a queste invenzioni ed altre, si riesce a migliorare l\u2019assetto dei poderi, ad allungare \u201ci morelli\u201d inseriti fra le viti \u201cmaritate all\u2019albero\u201d (la piantata gallica); nel mercato di Bologna frequentissima \u00e8 la stipula del contratto di soccida \u201cad laborandum\u201d di cui si fa uso nel persicetano.<\/p>\n<p>Tale situazione non pu\u00f2 da sola spiegare il perch\u00e9 del perdurare dell\u2019istituto della Partecipanza attraverso i secoli fino ad oggi, anche perch\u00e9 la concessione\u00a0<strong>ad meliorandum<\/strong>\u00a0ha dato luogo, in tutti gli altri casi, ad una evoluzione verso l\u2019allodio (patrimonio fondiario in piena propriet\u00e0 e non sottoposto agli oneri ed ai vincoli feudali) e pertanto verso la propriet\u00e0 privata.<\/p>\n<p>Nel caso delle Partecipanze invece la formula della concessione enfiteutica permane attraverso i secoli, come testimoniano i rinnovi delle concessioni stesse, rilasciati dall\u2019Abate di Nonantola e dal Vescovo di Bologna, come accade per la Partecipanza di San Giovanni in Persiceto.<br \/>\nIn particolare per la Partecipanza persicetana come per le altre, il motivo risiedeva nell\u2019avere i terreni nelle zone \u201cbasse\u201d soggette ad inondazione.<\/p>\n<p>San Giovanni in Persiceto era circondata da fiumi in continuo movimento quali il Reno, il Samoggia, il Panaro. Quando sul finire del 1400 i fiumi consolidarono il loro corso, negli \u201cuomini liberi\u201d della comunit\u00e0 persicetana si era affermato il concetto che solo con lo sforzo \u201ccollettivo\u201d si ottenevano i risultati, risultati costati ad essi dure fatiche e enormi spese per secoli.<\/p>\n","protected":false},"excerpt":{"rendered":"<p>L\u2019origine dei beni che costituiscono l\u2019attuale patrimonio del Consorzio dei Partecipanti, o Partecipanza, \u00e8 da attribuirsi a concessioni enfiteutiche (V. in seguito\u00a0enfiteusi) di vasti appezzamenti di terreno paludoso, boschivo e [&hellip;]<\/p>\n","protected":false},"author":1,"featured_media":23,"parent":0,"menu_order":0,"comment_status":"closed","ping_status":"closed","template":"page-templates\/left-sidebar.php","meta":{"jetpack_post_was_ever_published":false,"footnotes":""},"class_list":["post-214","page","type-page","status-publish","has-post-thumbnail","hentry"],"jetpack_sharing_enabled":true,"jetpack_shortlink":"https:\/\/wp.me\/P81nDY-3s","jetpack-related-posts":[],"_links":{"self":[{"href":"https:\/\/www.consorziodeipartecipantisgpersiceto.it\/index.php?rest_route=\/wp\/v2\/pages\/214","targetHints":{"allow":["GET"]}}],"collection":[{"href":"https:\/\/www.consorziodeipartecipantisgpersiceto.it\/index.php?rest_route=\/wp\/v2\/pages"}],"about":[{"href":"https:\/\/www.consorziodeipartecipantisgpersiceto.it\/index.php?rest_route=\/wp\/v2\/types\/page"}],"author":[{"embeddable":true,"href":"https:\/\/www.consorziodeipartecipantisgpersiceto.it\/index.php?rest_route=\/wp\/v2\/users\/1"}],"replies":[{"embeddable":true,"href":"https:\/\/www.consorziodeipartecipantisgpersiceto.it\/index.php?rest_route=%2Fwp%2Fv2%2Fcomments&post=214"}],"version-history":[{"count":1,"href":"https:\/\/www.consorziodeipartecipantisgpersiceto.it\/index.php?rest_route=\/wp\/v2\/pages\/214\/revisions"}],"predecessor-version":[{"id":216,"href":"https:\/\/www.consorziodeipartecipantisgpersiceto.it\/index.php?rest_route=\/wp\/v2\/pages\/214\/revisions\/216"}],"wp:featuredmedia":[{"embeddable":true,"href":"https:\/\/www.consorziodeipartecipantisgpersiceto.it\/index.php?rest_route=\/wp\/v2\/media\/23"}],"wp:attachment":[{"href":"https:\/\/www.consorziodeipartecipantisgpersiceto.it\/index.php?rest_route=%2Fwp%2Fv2%2Fmedia&parent=214"}],"curies":[{"name":"wp","href":"https:\/\/api.w.org\/{rel}","templated":true}]}}